{"id":52,"date":"2020-07-23T16:56:40","date_gmt":"2020-07-23T16:56:40","guid":{"rendered":"http:\/\/paul-themes.com\/wordpress\/hayley\/?page_id=52"},"modified":"2024-02-01T11:39:21","modified_gmt":"2024-02-01T10:39:21","slug":"mk-event-manager","status":"publish","type":"page","link":"https:\/\/mirandakazmierczak.pl\/","title":{"rendered":"Strona G\u0142\u00f3wna"},"content":{"rendered":"","protected":false},"excerpt":{"rendered":"","protected":false},"author":1,"featured_media":595,"parent":0,"menu_order":0,"comment_status":"open","ping_status":"closed","template":"template-fullpage-slider.php","meta":{"footnotes":""},"class_list":["post-52","page","type-page","status-publish","has-post-thumbnail","hentry"],"yoast_head":"<!-- This site is optimized with the Yoast SEO plugin v27.5 - https:\/\/yoast.com\/product\/yoast-seo-wordpress\/ -->\n<title>Miranda Ka\u017amierczak - Event Manager z 20-letnim Do\u015bwiadczeniem<\/title>\n<meta name=\"description\" content=\"Do\u015bwiadczony Event Manager z 20-letnim sta\u017cem w produkcji r\u00f3\u017cnorodnych wydarze\u0144. Specjalizuj\u0119 si\u0119 w koncepcji kreatywnej, key visual, event design, lokalizacjach, scenografii, technice scenicznej, multimedia oraz zarz\u0105dzaniu projektami. Wsp\u00f3\u0142pracowa\u0142am z renomowanymi klientami, takimi jak Narodowy Bank Polski, DPD Polska, Medicover i wiele innych.\" \/>\n<meta name=\"robots\" content=\"index, follow, max-snippet:-1, max-image-preview:large, max-video-preview:-1\" \/>\n<link rel=\"canonical\" href=\"https:\/\/www.mirandakazmierczak.pl\/\" \/>\n<meta property=\"og:locale\" content=\"pl_PL\" \/>\n<meta property=\"og:type\" content=\"article\" \/>\n<meta property=\"og:title\" content=\"Miranda Ka\u017amierczak - Event Manager z 20-letnim Do\u015bwiadczeniem\" \/>\n<meta property=\"og:description\" content=\"Do\u015bwiadczony Event Manager z 20-letnim sta\u017cem w produkcji r\u00f3\u017cnorodnych wydarze\u0144. Specjalizuj\u0119 si\u0119 w koncepcji kreatywnej, key visual, event design, lokalizacjach, scenografii, technice scenicznej, multimedia oraz zarz\u0105dzaniu projektami. Wsp\u00f3\u0142pracowa\u0142am z renomowanymi klientami, takimi jak Narodowy Bank Polski, DPD Polska, Medicover i wiele innych.\" \/>\n<meta property=\"og:url\" content=\"https:\/\/www.mirandakazmierczak.pl\/\" \/>\n<meta property=\"og:site_name\" content=\"Miranda Ka\u017amierczak\" \/>\n<meta property=\"article:modified_time\" content=\"2024-02-01T10:39:21+00:00\" \/>\n<meta property=\"og:image\" content=\"https:\/\/mirandakazmierczak.pl\/wp-content\/uploads\/2024\/01\/Mirnda_kolor-3.png\" \/>\n\t<meta property=\"og:image:width\" content=\"320\" \/>\n\t<meta property=\"og:image:height\" content=\"321\" \/>\n\t<meta property=\"og:image:type\" content=\"image\/png\" \/>\n<meta name=\"twitter:card\" content=\"summary_large_image\" \/>\n<meta name=\"twitter:label1\" content=\"Szacowany czas czytania\" \/>\n\t<meta name=\"twitter:data1\" content=\"1 minuta\" \/>\n<script type=\"application\/ld+json\" class=\"yoast-schema-graph\">{\"@context\":\"https:\\\/\\\/schema.org\",\"@graph\":[{\"@type\":\"WebPage\",\"@id\":\"https:\\\/\\\/mirandakazmierczak.pl\\\/\",\"url\":\"https:\\\/\\\/www.mirandakazmierczak.pl\\\/\",\"name\":\"Miranda Ka\u017amierczak - Event Manager z 20-letnim Do\u015bwiadczeniem\",\"isPartOf\":{\"@id\":\"https:\\\/\\\/mirandakazmierczak.pl\\\/#website\"},\"primaryImageOfPage\":{\"@id\":\"https:\\\/\\\/www.mirandakazmierczak.pl\\\/#primaryimage\"},\"image\":{\"@id\":\"https:\\\/\\\/www.mirandakazmierczak.pl\\\/#primaryimage\"},\"thumbnailUrl\":\"https:\\\/\\\/mirandakazmierczak.pl\\\/wp-content\\\/uploads\\\/2024\\\/01\\\/Mirnda_kolor-3.png\",\"datePublished\":\"2020-07-23T16:56:40+00:00\",\"dateModified\":\"2024-02-01T10:39:21+00:00\",\"description\":\"Do\u015bwiadczony Event Manager z 20-letnim sta\u017cem w produkcji r\u00f3\u017cnorodnych wydarze\u0144. Specjalizuj\u0119 si\u0119 w koncepcji kreatywnej, key visual, event design, lokalizacjach, scenografii, technice scenicznej, multimedia oraz zarz\u0105dzaniu projektami. Wsp\u00f3\u0142pracowa\u0142am z renomowanymi klientami, takimi jak Narodowy Bank Polski, DPD Polska, Medicover i wiele innych.\",\"breadcrumb\":{\"@id\":\"https:\\\/\\\/www.mirandakazmierczak.pl\\\/#breadcrumb\"},\"inLanguage\":\"pl-PL\",\"potentialAction\":[{\"@type\":\"ReadAction\",\"target\":[\"https:\\\/\\\/www.mirandakazmierczak.pl\\\/\"]}]},{\"@type\":\"ImageObject\",\"inLanguage\":\"pl-PL\",\"@id\":\"https:\\\/\\\/www.mirandakazmierczak.pl\\\/#primaryimage\",\"url\":\"https:\\\/\\\/mirandakazmierczak.pl\\\/wp-content\\\/uploads\\\/2024\\\/01\\\/Mirnda_kolor-3.png\",\"contentUrl\":\"https:\\\/\\\/mirandakazmierczak.pl\\\/wp-content\\\/uploads\\\/2024\\\/01\\\/Mirnda_kolor-3.png\",\"width\":320,\"height\":321},{\"@type\":\"BreadcrumbList\",\"@id\":\"https:\\\/\\\/www.mirandakazmierczak.pl\\\/#breadcrumb\",\"itemListElement\":[{\"@type\":\"ListItem\",\"position\":1,\"name\":\"Strona g\u0142\u00f3wna\",\"item\":\"https:\\\/\\\/mirandakazmierczak.pl\\\/\"},{\"@type\":\"ListItem\",\"position\":2,\"name\":\"Strona G\u0142\u00f3wna \\\/ Miranda Ka\u017amierczak \\\/ Event Manager\"}]},{\"@type\":\"WebSite\",\"@id\":\"https:\\\/\\\/mirandakazmierczak.pl\\\/#website\",\"url\":\"https:\\\/\\\/mirandakazmierczak.pl\\\/\",\"name\":\"Miranda Ka\u017amierczak\",\"description\":\"EVENT PRODUCENT\",\"publisher\":{\"@id\":\"https:\\\/\\\/mirandakazmierczak.pl\\\/#\\\/schema\\\/person\\\/3fc01d167a1ae8caa3bc85e422ffe542\"},\"alternateName\":\"MK Event Manager\",\"potentialAction\":[{\"@type\":\"SearchAction\",\"target\":{\"@type\":\"EntryPoint\",\"urlTemplate\":\"https:\\\/\\\/mirandakazmierczak.pl\\\/?s={search_term_string}\"},\"query-input\":{\"@type\":\"PropertyValueSpecification\",\"valueRequired\":true,\"valueName\":\"search_term_string\"}}],\"inLanguage\":\"pl-PL\"},{\"@type\":[\"Person\",\"Organization\"],\"@id\":\"https:\\\/\\\/mirandakazmierczak.pl\\\/#\\\/schema\\\/person\\\/3fc01d167a1ae8caa3bc85e422ffe542\",\"name\":\"Miranda Ka\u017amierczak\",\"image\":{\"@type\":\"ImageObject\",\"inLanguage\":\"pl-PL\",\"@id\":\"https:\\\/\\\/mirandakazmierczak.pl\\\/wp-content\\\/uploads\\\/2024\\\/05\\\/cropped-Miranda_Events_logo_RGB-1.png\",\"url\":\"https:\\\/\\\/mirandakazmierczak.pl\\\/wp-content\\\/uploads\\\/2024\\\/05\\\/cropped-Miranda_Events_logo_RGB-1.png\",\"contentUrl\":\"https:\\\/\\\/mirandakazmierczak.pl\\\/wp-content\\\/uploads\\\/2024\\\/05\\\/cropped-Miranda_Events_logo_RGB-1.png\",\"width\":512,\"height\":512,\"caption\":\"Miranda Ka\u017amierczak\"},\"logo\":{\"@id\":\"https:\\\/\\\/mirandakazmierczak.pl\\\/wp-content\\\/uploads\\\/2024\\\/05\\\/cropped-Miranda_Events_logo_RGB-1.png\"},\"sameAs\":[\"https:\\\/\\\/mirandakazmierczak.pl\\\/\"]}]}<\/script>\n<!-- \/ Yoast SEO plugin. -->","yoast_head_json":{"title":"Miranda Ka\u017amierczak - Event Manager z 20-letnim Do\u015bwiadczeniem","description":"Do\u015bwiadczony Event Manager z 20-letnim sta\u017cem w produkcji r\u00f3\u017cnorodnych wydarze\u0144. Specjalizuj\u0119 si\u0119 w koncepcji kreatywnej, key visual, event design, lokalizacjach, scenografii, technice scenicznej, multimedia oraz zarz\u0105dzaniu projektami. Wsp\u00f3\u0142pracowa\u0142am z renomowanymi klientami, takimi jak Narodowy Bank Polski, DPD Polska, Medicover i wiele innych.","robots":{"index":"index","follow":"follow","max-snippet":"max-snippet:-1","max-image-preview":"max-image-preview:large","max-video-preview":"max-video-preview:-1"},"canonical":"https:\/\/www.mirandakazmierczak.pl\/","og_locale":"pl_PL","og_type":"article","og_title":"Miranda Ka\u017amierczak - Event Manager z 20-letnim Do\u015bwiadczeniem","og_description":"Do\u015bwiadczony Event Manager z 20-letnim sta\u017cem w produkcji r\u00f3\u017cnorodnych wydarze\u0144. Specjalizuj\u0119 si\u0119 w koncepcji kreatywnej, key visual, event design, lokalizacjach, scenografii, technice scenicznej, multimedia oraz zarz\u0105dzaniu projektami. Wsp\u00f3\u0142pracowa\u0142am z renomowanymi klientami, takimi jak Narodowy Bank Polski, DPD Polska, Medicover i wiele innych.","og_url":"https:\/\/www.mirandakazmierczak.pl\/","og_site_name":"Miranda Ka\u017amierczak","article_modified_time":"2024-02-01T10:39:21+00:00","og_image":[{"width":320,"height":321,"url":"https:\/\/mirandakazmierczak.pl\/wp-content\/uploads\/2024\/01\/Mirnda_kolor-3.png","type":"image\/png"}],"twitter_card":"summary_large_image","twitter_misc":{"Szacowany czas czytania":"1 minuta"},"schema":{"@context":"https:\/\/schema.org","@graph":[{"@type":"WebPage","@id":"https:\/\/mirandakazmierczak.pl\/","url":"https:\/\/www.mirandakazmierczak.pl\/","name":"Miranda Ka\u017amierczak - Event Manager z 20-letnim Do\u015bwiadczeniem","isPartOf":{"@id":"https:\/\/mirandakazmierczak.pl\/#website"},"primaryImageOfPage":{"@id":"https:\/\/www.mirandakazmierczak.pl\/#primaryimage"},"image":{"@id":"https:\/\/www.mirandakazmierczak.pl\/#primaryimage"},"thumbnailUrl":"https:\/\/mirandakazmierczak.pl\/wp-content\/uploads\/2024\/01\/Mirnda_kolor-3.png","datePublished":"2020-07-23T16:56:40+00:00","dateModified":"2024-02-01T10:39:21+00:00","description":"Do\u015bwiadczony Event Manager z 20-letnim sta\u017cem w produkcji r\u00f3\u017cnorodnych wydarze\u0144. Specjalizuj\u0119 si\u0119 w koncepcji kreatywnej, key visual, event design, lokalizacjach, scenografii, technice scenicznej, multimedia oraz zarz\u0105dzaniu projektami. Wsp\u00f3\u0142pracowa\u0142am z renomowanymi klientami, takimi jak Narodowy Bank Polski, DPD Polska, Medicover i wiele innych.","breadcrumb":{"@id":"https:\/\/www.mirandakazmierczak.pl\/#breadcrumb"},"inLanguage":"pl-PL","potentialAction":[{"@type":"ReadAction","target":["https:\/\/www.mirandakazmierczak.pl\/"]}]},{"@type":"ImageObject","inLanguage":"pl-PL","@id":"https:\/\/www.mirandakazmierczak.pl\/#primaryimage","url":"https:\/\/mirandakazmierczak.pl\/wp-content\/uploads\/2024\/01\/Mirnda_kolor-3.png","contentUrl":"https:\/\/mirandakazmierczak.pl\/wp-content\/uploads\/2024\/01\/Mirnda_kolor-3.png","width":320,"height":321},{"@type":"BreadcrumbList","@id":"https:\/\/www.mirandakazmierczak.pl\/#breadcrumb","itemListElement":[{"@type":"ListItem","position":1,"name":"Strona g\u0142\u00f3wna","item":"https:\/\/mirandakazmierczak.pl\/"},{"@type":"ListItem","position":2,"name":"Strona G\u0142\u00f3wna \/ Miranda Ka\u017amierczak \/ Event Manager"}]},{"@type":"WebSite","@id":"https:\/\/mirandakazmierczak.pl\/#website","url":"https:\/\/mirandakazmierczak.pl\/","name":"Miranda Ka\u017amierczak","description":"EVENT PRODUCENT","publisher":{"@id":"https:\/\/mirandakazmierczak.pl\/#\/schema\/person\/3fc01d167a1ae8caa3bc85e422ffe542"},"alternateName":"MK Event Manager","potentialAction":[{"@type":"SearchAction","target":{"@type":"EntryPoint","urlTemplate":"https:\/\/mirandakazmierczak.pl\/?s={search_term_string}"},"query-input":{"@type":"PropertyValueSpecification","valueRequired":true,"valueName":"search_term_string"}}],"inLanguage":"pl-PL"},{"@type":["Person","Organization"],"@id":"https:\/\/mirandakazmierczak.pl\/#\/schema\/person\/3fc01d167a1ae8caa3bc85e422ffe542","name":"Miranda Ka\u017amierczak","image":{"@type":"ImageObject","inLanguage":"pl-PL","@id":"https:\/\/mirandakazmierczak.pl\/wp-content\/uploads\/2024\/05\/cropped-Miranda_Events_logo_RGB-1.png","url":"https:\/\/mirandakazmierczak.pl\/wp-content\/uploads\/2024\/05\/cropped-Miranda_Events_logo_RGB-1.png","contentUrl":"https:\/\/mirandakazmierczak.pl\/wp-content\/uploads\/2024\/05\/cropped-Miranda_Events_logo_RGB-1.png","width":512,"height":512,"caption":"Miranda Ka\u017amierczak"},"logo":{"@id":"https:\/\/mirandakazmierczak.pl\/wp-content\/uploads\/2024\/05\/cropped-Miranda_Events_logo_RGB-1.png"},"sameAs":["https:\/\/mirandakazmierczak.pl\/"]}]}},"_links":{"self":[{"href":"https:\/\/mirandakazmierczak.pl\/index.php?rest_route=\/wp\/v2\/pages\/52","targetHints":{"allow":["GET"]}}],"collection":[{"href":"https:\/\/mirandakazmierczak.pl\/index.php?rest_route=\/wp\/v2\/pages"}],"about":[{"href":"https:\/\/mirandakazmierczak.pl\/index.php?rest_route=\/wp\/v2\/types\/page"}],"author":[{"embeddable":true,"href":"https:\/\/mirandakazmierczak.pl\/index.php?rest_route=\/wp\/v2\/users\/1"}],"replies":[{"embeddable":true,"href":"https:\/\/mirandakazmierczak.pl\/index.php?rest_route=%2Fwp%2Fv2%2Fcomments&post=52"}],"version-history":[{"count":5,"href":"https:\/\/mirandakazmierczak.pl\/index.php?rest_route=\/wp\/v2\/pages\/52\/revisions"}],"predecessor-version":[{"id":772,"href":"https:\/\/mirandakazmierczak.pl\/index.php?rest_route=\/wp\/v2\/pages\/52\/revisions\/772"}],"wp:featuredmedia":[{"embeddable":true,"href":"https:\/\/mirandakazmierczak.pl\/index.php?rest_route=\/wp\/v2\/media\/595"}],"wp:attachment":[{"href":"https:\/\/mirandakazmierczak.pl\/index.php?rest_route=%2Fwp%2Fv2%2Fmedia&parent=52"}],"curies":[{"name":"wp","href":"https:\/\/api.w.org\/{rel}","templated":true}]}}